{"id":2262,"date":"2024-02-07T17:04:26","date_gmt":"2024-02-07T16:04:26","guid":{"rendered":"https:\/\/www.noamfestival.it\/credits\/"},"modified":"2026-02-18T11:41:18","modified_gmt":"2026-02-18T10:41:18","slug":"credits","status":"publish","type":"page","link":"https:\/\/www.noamfestival.it\/fr\/credits\/","title":{"rendered":"Cr\u00e9dits"},"content":{"rendered":"<h1>Cr\u00e9dits<\/h1>\n<p>Design graphique g\u00e9n\u00e9ral par <a href=\"https:\/\/matteovandelli.com\/\" target=\"_blank\" rel=\"noopener\">Matteo Vandelli<\/a>.<\/p>\n<p>Illustration par <a href=\"https:\/\/www.aliceiuri.com\/\" target=\"_blank\" rel=\"noopener\">Alice Iuri<\/a>.<\/p>\n<p>Site cr\u00e9\u00e9 par <a href=\"https:\/\/www.lorenzopaganelli.it\/\" target=\"_blank\" rel=\"noopener\">Lorenzo Paganelli<\/a> et <a href=\"https:\/\/www.simoneromboli.it\/\" target=\"_blank\" rel=\"noopener\">Simone Romboli<\/a>.<\/p>\n","protected":false},"excerpt":{"rendered":"<p>Cr\u00e9dits Design graphique g\u00e9n\u00e9ral par Matteo Vandelli. Illustration par Alice  [&#8230;]<\/p>\n","protected":false},"author":2,"featured_media":0,"parent":0,"menu_order":0,"comment_status":"closed","ping_status":"closed","template":"","meta":{"_acf_changed":false,"footnotes":""},"class_list":["post-2262","page","type-page","status-publish","hentry"],"acf":[],"yoast_head":"<!-- This site is optimized with the Yoast SEO plugin v27.3 - https:\/\/yoast.com\/product\/yoast-seo-wordpress\/ -->\n<title>Cr\u00e9dits - NOAM Festival<\/title>\n<meta name=\"robots\" content=\"index, follow, max-snippet:-1, max-image-preview:large, max-video-preview:-1\" \/>\n<link rel=\"canonical\" href=\"https:\/\/www.noamfestival.it\/fr\/credits\/\" \/>\n<meta property=\"og:locale\" content=\"fr_CA\" \/>\n<meta property=\"og:type\" content=\"article\" \/>\n<meta property=\"og:title\" content=\"Cr\u00e9dits - NOAM Festival\" \/>\n<meta property=\"og:description\" content=\"Cr\u00e9dits Design graphique g\u00e9n\u00e9ral par Matteo Vandelli. Illustration par Alice [...]\" \/>\n<meta property=\"og:url\" content=\"https:\/\/www.noamfestival.it\/fr\/credits\/\" \/>\n<meta property=\"og:site_name\" content=\"NOAM Festival\" \/>\n<meta property=\"article:publisher\" content=\"https:\/\/www.facebook.com\/filmeeting\" \/>\n<meta property=\"article:modified_time\" content=\"2026-02-18T10:41:18+00:00\" \/>\n<meta name=\"twitter:card\" content=\"summary_large_image\" \/>\n<script type=\"application\/ld+json\" class=\"yoast-schema-graph\">{\"@context\":\"https:\\\/\\\/schema.org\",\"@graph\":[{\"@type\":\"WebPage\",\"@id\":\"https:\\\/\\\/www.noamfestival.it\\\/fr\\\/credits\\\/\",\"url\":\"https:\\\/\\\/www.noamfestival.it\\\/fr\\\/credits\\\/\",\"name\":\"Cr\u00e9dits - NOAM Festival\",\"isPartOf\":{\"@id\":\"https:\\\/\\\/www.noamfestival.it\\\/fr\\\/#website\"},\"datePublished\":\"2024-02-07T16:04:26+00:00\",\"dateModified\":\"2026-02-18T10:41:18+00:00\",\"breadcrumb\":{\"@id\":\"https:\\\/\\\/www.noamfestival.it\\\/fr\\\/credits\\\/#breadcrumb\"},\"inLanguage\":\"fr-CA\",\"potentialAction\":[{\"@type\":\"ReadAction\",\"target\":[\"https:\\\/\\\/www.noamfestival.it\\\/fr\\\/credits\\\/\"]}]},{\"@type\":\"BreadcrumbList\",\"@id\":\"https:\\\/\\\/www.noamfestival.it\\\/fr\\\/credits\\\/#breadcrumb\",\"itemListElement\":[{\"@type\":\"ListItem\",\"position\":1,\"name\":\"Home\",\"item\":\"https:\\\/\\\/www.noamfestival.it\\\/fr\\\/noam-faenza-film-festival\\\/\"},{\"@type\":\"ListItem\",\"position\":2,\"name\":\"Cr\u00e9dits\"}]},{\"@type\":\"WebSite\",\"@id\":\"https:\\\/\\\/www.noamfestival.it\\\/fr\\\/#website\",\"url\":\"https:\\\/\\\/www.noamfestival.it\\\/fr\\\/\",\"name\":\"NOAM Festival\",\"description\":\"NOAM Faenza Film Festival\",\"potentialAction\":[{\"@type\":\"SearchAction\",\"target\":{\"@type\":\"EntryPoint\",\"urlTemplate\":\"https:\\\/\\\/www.noamfestival.it\\\/fr\\\/?s={search_term_string}\"},\"query-input\":{\"@type\":\"PropertyValueSpecification\",\"valueRequired\":true,\"valueName\":\"search_term_string\"}}],\"inLanguage\":\"fr-CA\"}]}<\/script>\n<!-- \/ Yoast SEO plugin. -->","yoast_head_json":{"title":"Cr\u00e9dits - NOAM Festival","robots":{"index":"index","follow":"follow","max-snippet":"max-snippet:-1","max-image-preview":"max-image-preview:large","max-video-preview":"max-video-preview:-1"},"canonical":"https:\/\/www.noamfestival.it\/fr\/credits\/","og_locale":"fr_CA","og_type":"article","og_title":"Cr\u00e9dits - NOAM Festival","og_description":"Cr\u00e9dits Design graphique g\u00e9n\u00e9ral par Matteo Vandelli. Illustration par Alice [...]","og_url":"https:\/\/www.noamfestival.it\/fr\/credits\/","og_site_name":"NOAM Festival","article_publisher":"https:\/\/www.facebook.com\/filmeeting","article_modified_time":"2026-02-18T10:41:18+00:00","twitter_card":"summary_large_image","schema":{"@context":"https:\/\/schema.org","@graph":[{"@type":"WebPage","@id":"https:\/\/www.noamfestival.it\/fr\/credits\/","url":"https:\/\/www.noamfestival.it\/fr\/credits\/","name":"Cr\u00e9dits - NOAM Festival","isPartOf":{"@id":"https:\/\/www.noamfestival.it\/fr\/#website"},"datePublished":"2024-02-07T16:04:26+00:00","dateModified":"2026-02-18T10:41:18+00:00","breadcrumb":{"@id":"https:\/\/www.noamfestival.it\/fr\/credits\/#breadcrumb"},"inLanguage":"fr-CA","potentialAction":[{"@type":"ReadAction","target":["https:\/\/www.noamfestival.it\/fr\/credits\/"]}]},{"@type":"BreadcrumbList","@id":"https:\/\/www.noamfestival.it\/fr\/credits\/#breadcrumb","itemListElement":[{"@type":"ListItem","position":1,"name":"Home","item":"https:\/\/www.noamfestival.it\/fr\/noam-faenza-film-festival\/"},{"@type":"ListItem","position":2,"name":"Cr\u00e9dits"}]},{"@type":"WebSite","@id":"https:\/\/www.noamfestival.it\/fr\/#website","url":"https:\/\/www.noamfestival.it\/fr\/","name":"NOAM Festival","description":"NOAM Faenza Film Festival","potentialAction":[{"@type":"SearchAction","target":{"@type":"EntryPoint","urlTemplate":"https:\/\/www.noamfestival.it\/fr\/?s={search_term_string}"},"query-input":{"@type":"PropertyValueSpecification","valueRequired":true,"valueName":"search_term_string"}}],"inLanguage":"fr-CA"}]}},"_links":{"self":[{"href":"https:\/\/www.noamfestival.it\/fr\/wp-json\/wp\/v2\/pages\/2262","targetHints":{"allow":["GET"]}}],"collection":[{"href":"https:\/\/www.noamfestival.it\/fr\/wp-json\/wp\/v2\/pages"}],"about":[{"href":"https:\/\/www.noamfestival.it\/fr\/wp-json\/wp\/v2\/types\/page"}],"author":[{"embeddable":true,"href":"https:\/\/www.noamfestival.it\/fr\/wp-json\/wp\/v2\/users\/2"}],"replies":[{"embeddable":true,"href":"https:\/\/www.noamfestival.it\/fr\/wp-json\/wp\/v2\/comments?post=2262"}],"version-history":[{"count":1,"href":"https:\/\/www.noamfestival.it\/fr\/wp-json\/wp\/v2\/pages\/2262\/revisions"}],"predecessor-version":[{"id":2263,"href":"https:\/\/www.noamfestival.it\/fr\/wp-json\/wp\/v2\/pages\/2262\/revisions\/2263"}],"wp:attachment":[{"href":"https:\/\/www.noamfestival.it\/fr\/wp-json\/wp\/v2\/media?parent=2262"}],"curies":[{"name":"wp","href":"https:\/\/api.w.org\/{rel}","templated":true}]}}